{"id":359,"date":"2020-01-17T14:54:40","date_gmt":"2020-01-17T13:54:40","guid":{"rendered":"http:\/\/diadalrendelo.hu\/?page_id=359"},"modified":"2020-01-17T14:54:40","modified_gmt":"2020-01-17T13:54:40","slug":"kategoriak","status":"publish","type":"page","link":"https:\/\/diadalrendelo.hu\/?page_id=359","title":{"rendered":"Kateg\u00f3ri\u00e1k"},"content":{"rendered":"<p>[et_pb_section bb_built=&#8221;1&#8243; inner_max_width=&#8221;995px&#8221; inner_width_tablet=&#8221;50px&#8221; inner_max_width_tablet=&#8221;100px&#8221; inner_max_width_phone=&#8221;50px&#8221; _builder_version=&#8221;3.25.4&#8243; custom_margin=&#8221;-50px|||&#8221; box_shadow_horizontal_tablet=&#8221;0px&#8221; box_shadow_vertical_tablet=&#8221;0px&#8221; box_shadow_blur_tablet=&#8221;40px&#8221; box_shadow_spread_tablet=&#8221;0px&#8221; z_index_tablet=&#8221;500&#8243;][et_pb_row][et_pb_column type=&#8221;1_2&#8243; custom_padding__hover=&#8221;|||&#8221; custom_padding=&#8221;|||&#8221;][et_pb_text _builder_version=&#8221;4.2&#8243; text_text_shadow_horizontal_length=&#8221;text_text_shadow_style,%91object Object%93&#8243; text_text_shadow_horizontal_length_tablet=&#8221;0px&#8221; text_text_shadow_vertical_length=&#8221;text_text_shadow_style,%91object Object%93&#8243; text_text_shadow_vertical_length_tablet=&#8221;0px&#8221; text_text_shadow_blur_strength=&#8221;text_text_shadow_style,%91object Object%93&#8243; text_text_shadow_blur_strength_tablet=&#8221;1px&#8221; link_text_shadow_horizontal_length=&#8221;link_text_shadow_style,%91object Object%93&#8243; link_text_shadow_horizontal_length_tablet=&#8221;0px&#8221; link_text_shadow_vertical_length=&#8221;link_text_shadow_style,%91object Object%93&#8243; link_text_shadow_vertical_length_tablet=&#8221;0px&#8221; link_text_shadow_blur_strength=&#8221;link_text_shadow_style,%91object Object%93&#8243; link_text_shadow_blur_strength_tablet=&#8221;1px&#8221; ul_text_shadow_horizontal_length=&#8221;ul_text_shadow_style,%91object Object%93&#8243; ul_text_shadow_horizontal_length_tablet=&#8221;0px&#8221; ul_text_shadow_vertical_length=&#8221;ul_text_shadow_style,%91object Object%93&#8243; ul_text_shadow_vertical_length_tablet=&#8221;0px&#8221; ul_text_shadow_blur_strength=&#8221;ul_text_shadow_style,%91object Object%93&#8243; ul_text_shadow_blur_strength_tablet=&#8221;1px&#8221; ol_text_shadow_horizontal_length=&#8221;ol_text_shadow_style,%91object Object%93&#8243; ol_text_shadow_horizontal_length_tablet=&#8221;0px&#8221; ol_text_shadow_vertical_length=&#8221;ol_text_shadow_style,%91object Object%93&#8243; ol_text_shadow_vertical_length_tablet=&#8221;0px&#8221; ol_text_shadow_blur_strength=&#8221;ol_text_shadow_style,%91object Object%93&#8243; ol_text_shadow_blur_strength_tablet=&#8221;1px&#8221; quote_text_shadow_horizontal_length=&#8221;quote_text_shadow_style,%91object Object%93&#8243; quote_text_shadow_horizontal_length_tablet=&#8221;0px&#8221; quote_text_shadow_vertical_length=&#8221;quote_text_shadow_style,%91object Object%93&#8243; quote_text_shadow_vertical_length_tablet=&#8221;0px&#8221; quote_text_shadow_blur_strength=&#8221;quote_text_shadow_style,%91object Object%93&#8243; quote_text_shadow_blur_strength_tablet=&#8221;1px&#8221; header_text_shadow_horizontal_length=&#8221;header_text_shadow_style,%91object Object%93&#8243; header_text_shadow_horizontal_length_tablet=&#8221;0px&#8221; header_text_shadow_vertical_length=&#8221;header_text_shadow_style,%91object Object%93&#8243; header_text_shadow_vertical_length_tablet=&#8221;0px&#8221; header_text_shadow_blur_strength=&#8221;header_text_shadow_style,%91object Object%93&#8243; header_text_shadow_blur_strength_tablet=&#8221;1px&#8221; header_2_text_shadow_horizontal_length=&#8221;header_2_text_shadow_style,%91object Object%93&#8243; header_2_text_shadow_horizontal_length_tablet=&#8221;0px&#8221; header_2_text_shadow_vertical_length=&#8221;header_2_text_shadow_style,%91object Object%93&#8243; header_2_text_shadow_vertical_length_tablet=&#8221;0px&#8221; header_2_text_shadow_blur_strength=&#8221;header_2_text_shadow_style,%91object Object%93&#8243; header_2_text_shadow_blur_strength_tablet=&#8221;1px&#8221; header_3_text_shadow_horizontal_length=&#8221;header_3_text_shadow_style,%91object Object%93&#8243; header_3_text_shadow_horizontal_length_tablet=&#8221;0px&#8221; header_3_text_shadow_vertical_length=&#8221;header_3_text_shadow_style,%91object Object%93&#8243; header_3_text_shadow_vertical_length_tablet=&#8221;0px&#8221; header_3_text_shadow_blur_strength=&#8221;header_3_text_shadow_style,%91object Object%93&#8243; header_3_text_shadow_blur_strength_tablet=&#8221;1px&#8221; header_4_text_shadow_horizontal_length=&#8221;header_4_text_shadow_style,%91object Object%93&#8243; header_4_text_shadow_horizontal_length_tablet=&#8221;0px&#8221; header_4_text_shadow_vertical_length=&#8221;header_4_text_shadow_style,%91object Object%93&#8243; header_4_text_shadow_vertical_length_tablet=&#8221;0px&#8221; header_4_text_shadow_blur_strength=&#8221;header_4_text_shadow_style,%91object Object%93&#8243; header_4_text_shadow_blur_strength_tablet=&#8221;1px&#8221; header_5_text_shadow_horizontal_length=&#8221;header_5_text_shadow_style,%91object Object%93&#8243; header_5_text_shadow_horizontal_length_tablet=&#8221;0px&#8221; header_5_text_shadow_vertical_length=&#8221;header_5_text_shadow_style,%91object Object%93&#8243; header_5_text_shadow_vertical_length_tablet=&#8221;0px&#8221; header_5_text_shadow_blur_strength=&#8221;header_5_text_shadow_style,%91object Object%93&#8243; header_5_text_shadow_blur_strength_tablet=&#8221;1px&#8221; header_6_text_shadow_horizontal_length=&#8221;header_6_text_shadow_style,%91object Object%93&#8243; header_6_text_shadow_horizontal_length_tablet=&#8221;0px&#8221; header_6_text_shadow_vertical_length=&#8221;header_6_text_shadow_style,%91object Object%93&#8243; header_6_text_shadow_vertical_length_tablet=&#8221;0px&#8221; header_6_text_shadow_blur_strength=&#8221;header_6_text_shadow_style,%91object Object%93&#8243; header_6_text_shadow_blur_strength_tablet=&#8221;1px&#8221; box_shadow_horizontal_tablet=&#8221;0px&#8221; box_shadow_vertical_tablet=&#8221;0px&#8221; box_shadow_blur_tablet=&#8221;40px&#8221; box_shadow_spread_tablet=&#8221;0px&#8221; z_index_tablet=&#8221;500&#8243; vertical_offset_tablet=&#8221;0&#8243; horizontal_offset_tablet=&#8221;0&#8243;]<\/p>\n<h1><span style=\"color: #000000;\"><strong>Dr. B\u00e1nhidi Eszter<\/strong><\/span><\/h1>\n<h4><span style=\"color: #333333;\"><strong style=\"font-size: 18px;\">Foglalkoz\u00e1s-eg\u00e9szs\u00e9g\u00fcgyi szakorvos\u00a0<br \/><\/strong><strong>H\u00e1ziorvos<br \/>Oktat\u00f3 csal\u00e1dorvos<\/strong><\/span><\/h4>\n<p>&nbsp;<\/p>\n<p>&nbsp;<\/p>\n<p>[\/et_pb_text][\/et_pb_column][et_pb_column type=&#8221;1_2&#8243; custom_padding__hover=&#8221;|||&#8221; custom_padding=&#8221;|||&#8221;][et_pb_image _builder_version=&#8221;3.25.4&#8243; src=&#8221;https:\/\/diadalrendelo.hu\/wp-content\/uploads\/2020\/01\/Diadal_arckep.jpg&#8221; box_shadow_horizontal_tablet=&#8221;0px&#8221; box_shadow_vertical_tablet=&#8221;0px&#8221; box_shadow_blur_tablet=&#8221;40px&#8221; box_shadow_spread_tablet=&#8221;0px&#8221; z_index_tablet=&#8221;500&#8243; align=&#8221;center&#8221; max_height=&#8221;129px&#8221; \/][\/et_pb_column][\/et_pb_row][et_pb_row][et_pb_column type=&#8221;4_4&#8243; custom_padding__hover=&#8221;|||&#8221; custom_padding=&#8221;|||&#8221;][et_pb_text _builder_version=&#8221;4.2&#8243; text_text_shadow_horizontal_length=&#8221;text_text_shadow_style,%91object Object%93&#8243; text_text_shadow_horizontal_length_tablet=&#8221;0px&#8221; text_text_shadow_vertical_length=&#8221;text_text_shadow_style,%91object Object%93&#8243; text_text_shadow_vertical_length_tablet=&#8221;0px&#8221; text_text_shadow_blur_strength=&#8221;text_text_shadow_style,%91object Object%93&#8243; text_text_shadow_blur_strength_tablet=&#8221;1px&#8221; link_text_shadow_horizontal_length=&#8221;link_text_shadow_style,%91object Object%93&#8243; link_text_shadow_horizontal_length_tablet=&#8221;0px&#8221; link_text_shadow_vertical_length=&#8221;link_text_shadow_style,%91object Object%93&#8243; link_text_shadow_vertical_length_tablet=&#8221;0px&#8221; link_text_shadow_blur_strength=&#8221;link_text_shadow_style,%91object Object%93&#8243; link_text_shadow_blur_strength_tablet=&#8221;1px&#8221; ul_text_shadow_horizontal_length=&#8221;ul_text_shadow_style,%91object Object%93&#8243; ul_text_shadow_horizontal_length_tablet=&#8221;0px&#8221; ul_text_shadow_vertical_length=&#8221;ul_text_shadow_style,%91object Object%93&#8243; ul_text_shadow_vertical_length_tablet=&#8221;0px&#8221; ul_text_shadow_blur_strength=&#8221;ul_text_shadow_style,%91object Object%93&#8243; ul_text_shadow_blur_strength_tablet=&#8221;1px&#8221; ol_text_shadow_horizontal_length=&#8221;ol_text_shadow_style,%91object Object%93&#8243; ol_text_shadow_horizontal_length_tablet=&#8221;0px&#8221; ol_text_shadow_vertical_length=&#8221;ol_text_shadow_style,%91object Object%93&#8243; ol_text_shadow_vertical_length_tablet=&#8221;0px&#8221; ol_text_shadow_blur_strength=&#8221;ol_text_shadow_style,%91object Object%93&#8243; ol_text_shadow_blur_strength_tablet=&#8221;1px&#8221; quote_text_shadow_horizontal_length=&#8221;quote_text_shadow_style,%91object Object%93&#8243; quote_text_shadow_horizontal_length_tablet=&#8221;0px&#8221; quote_text_shadow_vertical_length=&#8221;quote_text_shadow_style,%91object Object%93&#8243; quote_text_shadow_vertical_length_tablet=&#8221;0px&#8221; quote_text_shadow_blur_strength=&#8221;quote_text_shadow_style,%91object Object%93&#8243; quote_text_shadow_blur_strength_tablet=&#8221;1px&#8221; header_text_shadow_horizontal_length=&#8221;header_text_shadow_style,%91object Object%93&#8243; header_text_shadow_horizontal_length_tablet=&#8221;0px&#8221; header_text_shadow_vertical_length=&#8221;header_text_shadow_style,%91object Object%93&#8243; header_text_shadow_vertical_length_tablet=&#8221;0px&#8221; header_text_shadow_blur_strength=&#8221;header_text_shadow_style,%91object Object%93&#8243; header_text_shadow_blur_strength_tablet=&#8221;1px&#8221; header_2_text_shadow_horizontal_length=&#8221;header_2_text_shadow_style,%91object Object%93&#8243; header_2_text_shadow_horizontal_length_tablet=&#8221;0px&#8221; header_2_text_shadow_vertical_length=&#8221;header_2_text_shadow_style,%91object Object%93&#8243; header_2_text_shadow_vertical_length_tablet=&#8221;0px&#8221; header_2_text_shadow_blur_strength=&#8221;header_2_text_shadow_style,%91object Object%93&#8243; header_2_text_shadow_blur_strength_tablet=&#8221;1px&#8221; header_3_text_shadow_horizontal_length=&#8221;header_3_text_shadow_style,%91object Object%93&#8243; header_3_text_shadow_horizontal_length_tablet=&#8221;0px&#8221; header_3_text_shadow_vertical_length=&#8221;header_3_text_shadow_style,%91object Object%93&#8243; header_3_text_shadow_vertical_length_tablet=&#8221;0px&#8221; header_3_text_shadow_blur_strength=&#8221;header_3_text_shadow_style,%91object Object%93&#8243; header_3_text_shadow_blur_strength_tablet=&#8221;1px&#8221; header_4_text_shadow_horizontal_length=&#8221;header_4_text_shadow_style,%91object Object%93&#8243; header_4_text_shadow_horizontal_length_tablet=&#8221;0px&#8221; header_4_text_shadow_vertical_length=&#8221;header_4_text_shadow_style,%91object Object%93&#8243; header_4_text_shadow_vertical_length_tablet=&#8221;0px&#8221; header_4_text_shadow_blur_strength=&#8221;header_4_text_shadow_style,%91object Object%93&#8243; header_4_text_shadow_blur_strength_tablet=&#8221;1px&#8221; header_5_text_shadow_horizontal_length=&#8221;header_5_text_shadow_style,%91object Object%93&#8243; header_5_text_shadow_horizontal_length_tablet=&#8221;0px&#8221; header_5_text_shadow_vertical_length=&#8221;header_5_text_shadow_style,%91object Object%93&#8243; header_5_text_shadow_vertical_length_tablet=&#8221;0px&#8221; header_5_text_shadow_blur_strength=&#8221;header_5_text_shadow_style,%91object Object%93&#8243; header_5_text_shadow_blur_strength_tablet=&#8221;1px&#8221; header_6_text_shadow_horizontal_length=&#8221;header_6_text_shadow_style,%91object Object%93&#8243; header_6_text_shadow_horizontal_length_tablet=&#8221;0px&#8221; header_6_text_shadow_vertical_length=&#8221;header_6_text_shadow_style,%91object Object%93&#8243; header_6_text_shadow_vertical_length_tablet=&#8221;0px&#8221; header_6_text_shadow_blur_strength=&#8221;header_6_text_shadow_style,%91object Object%93&#8243; header_6_text_shadow_blur_strength_tablet=&#8221;1px&#8221; box_shadow_horizontal_tablet=&#8221;0px&#8221; box_shadow_vertical_tablet=&#8221;0px&#8221; box_shadow_blur_tablet=&#8221;40px&#8221; box_shadow_spread_tablet=&#8221;0px&#8221; z_index_tablet=&#8221;500&#8243; vertical_offset_tablet=&#8221;0&#8243; horizontal_offset_tablet=&#8221;0&#8243;]<\/p>\n<p>\u00a0<\/p>\n<p>\u00a0<\/p>\n<p style=\"margin-left: 30.0pt;\"><strong>\u201eA\u201d foglalkoz\u00e1s-eg\u00e9szs\u00e9gi oszt\u00e1ly:<\/strong><\/p>\n<p>1. B\u00e1ny\u00e1szat<br \/>2. Koh\u00e1szat<br \/>fizikai munkak\u00f6rei, valamint azon nem fizikai munkak\u00f6r\u00f6k munkav\u00e1llal\u00f3i, akik az<br \/>\u201eA\u201d foglalkoz\u00e1s-eg\u00e9szs\u00e9gi oszt\u00e1lyt indokl\u00f3 munkak\u00f6rnyezetben t\u00f6ltik munkaidej\u00fck t\u00f6bb mint 50%-\u00e1t<\/p>\n<p style=\"margin-left: 30.0pt;\">3. Ugyanebbe a foglalkoz\u00e1s-eg\u00e9szs\u00e9gi oszt\u00e1lyba soroland\u00f3:<br \/>\u00a0\u00a0\u00a0 \u2022r\u00e1kkelt\u0151kkel expon\u00e1ltak,<br \/>\u00a0 \u00a0 \u2022sug\u00e1rz\u00f3 anyagokkal,<br \/>\u00a0 \u00a0 \u2022ismeretlen (m\u00e9rgez\u0151 hat\u00e1suk szempontj\u00e1b\u00f3l kivizsg\u00e1latlan) anyagokkal dolgoz\u00f3k,<br \/>\u00a0 \u00a0 \u2022\u00e1llatk\u00eds\u00e9rletes munkak\u00f6r\u00f6kben foglalkoztatottak,<br \/>\u00a0 \u00a0 \u2022korkedvezm\u00e9nyre jogos\u00edt\u00f3 munkak\u00f6r\u00f6kben foglalkoztatottak,<br \/>\u00a0 \u00a0 \u2022munkaid\u0151-kedvezm\u00e9nyre jogos\u00edt\u00f3 expoz\u00edci\u00f3ban alkalmazott munkav\u00e1llal\u00f3k,<br \/>\u00a0 \u00a0 \u2022a vas\u00fati k\u00f6zleked\u00e9sben a forgalom lebonyol\u00edt\u00e1s\u00e1val k\u00f6zvetlen\u00fcl \u00f6sszef\u00fcgg\u0151,<br \/>a l\u00e9gi \u00e9s v\u00edzi k\u00f6zleked\u00e9sben szakszolg\u00e1lati vizsg\u00e1hoz k\u00f6t\u00f6tt munkak\u00f6r\u00f6kben alkalmazott munkav\u00e1llal\u00f3k,<br \/>f\u00fcggetlen\u00fcl a tev\u00e9kenys\u00e9g \u00e1gazati oszt\u00e1ly\u00e1t\u00f3l.<br \/>\u00a0<\/p>\n<p style=\"margin-left: 30.0pt;\"><strong>\u201eB\u201d foglalkoz\u00e1s-eg\u00e9szs\u00e9gi oszt\u00e1ly:<\/strong><\/p>\n<p style=\"margin-left: 30.0pt;\">1. Mez\u0151gazdas\u00e1g, vadgazd\u00e1lkod\u00e1s \u00e9s erd\u0151gazd\u00e1lkod\u00e1s<br \/>2. \u00c9p\u00edt\u0151ipar<br \/>3. \u00c9lelmiszerek \u00e9s italok gy\u00e1rt\u00e1sa<br \/>4. Doh\u00e1nyterm\u00e9kek gy\u00e1rt\u00e1sa<br \/>5. Text\u00edli\u00e1k gy\u00e1rt\u00e1sa<br \/>6. Ruh\u00e1zati term\u00e9kek gy\u00e1rt\u00e1sa, sz\u0151rmekik\u00e9sz\u00edt\u00e9s \u00e9s -fest\u00e9s<br \/>7. B\u0151rkik\u00e9sz\u00edt\u00e9s, b\u0151rterm\u00e9kek \u00e9s l\u00e1bbeli gy\u00e1rt\u00e1sa<br \/>8. Fafeldolgoz\u00e1s<br \/>9. K\u0151olaj-feldolgoz\u00e1s \u00e9s kokszgy\u00e1rt\u00e1s<br \/>10. Vegyi alapanyagok \u00e9s term\u00e9kek gy\u00e1rt\u00e1sa<br \/>11. Gumi \u00e9s m\u0171anyag term\u00e9kek gy\u00e1rt\u00e1sa<br \/>12. Nemf\u00e9m \u00e1sv\u00e1nyi term\u00e9kek gy\u00e1rt\u00e1sa<br \/>13. Nyersanyag visszanyer\u00e9se hullad\u00e9kb\u00f3l<br \/>14. Sz\u00e1razf\u00f6ldi \u00e9s cs\u0151vezet\u00e9kes sz\u00e1ll\u00edt\u00e1s<br \/>15. V\u00edzi sz\u00e1ll\u00edt\u00e1s<br \/>16. L\u00e9gi sz\u00e1ll\u00edt\u00e1s<br \/>17. B\u00fatorgy\u00e1rt\u00e1s<br \/>18. Eg\u00e9szs\u00e9g\u00fcgyi \u00e9s szoci\u00e1lis ell\u00e1t\u00e1s<br \/>19. \u00c1llateg\u00e9szs\u00e9g\u00fcgyi tev\u00e9kenys\u00e9g<br \/>20. Nyomdaipari term\u00e9kek gy\u00e1rt\u00e1sa<br \/>fizikai munkak\u00f6rei, valamint azon nem fizikai munkak\u00f6r\u00f6k munkav\u00e1llal\u00f3i, akik a<br \/>\u201eB\u201d foglalkoz\u00e1s-eg\u00e9szs\u00e9gi oszt\u00e1lyt indokl\u00f3 munkak\u00f6rnyezetben t\u00f6ltik munkaidej\u00fck t\u00f6bb mint 50%-\u00e1t.<\/p>\n<p><strong>\u201eC\u201d foglalkoz\u00e1s-eg\u00e9szs\u00e9gi oszt\u00e1ly:<\/strong><\/p>\n<p>1. ipari,<br \/>2. szolg\u00e1ltat\u00f3,<br \/>3. kutat\u00f3,<br \/>4. sz\u00e1m\u00edt\u00e1stechnikai tev\u00e9kenys\u00e9ggel kapcsolatos<br \/>fizikai munkak\u00f6rei, valamint azon nem fizikai munkak\u00f6r\u00f6k munkav\u00e1llal\u00f3i, akik a<br \/>\u201eC\u201d foglalkoz\u00e1s-eg\u00e9szs\u00e9gi oszt\u00e1lyt indokl\u00f3 munkak\u00f6rnyezetben t\u00f6ltik munkaidej\u00fck t\u00f6bb mint 50%-\u00e1t.<\/p>\n<p><strong>\u201eD\u201d foglalkoz\u00e1s-eg\u00e9szs\u00e9gi oszt\u00e1ly:<\/strong><\/p>\n<p>1. kutat\u00e1s-szervez\u00e9si,<br \/>2. kultur\u00e1lis,<br \/>3. oktat\u00e1si,<br \/>4. egy\u00e9b adminisztrat\u00edv<br \/>tev\u00e9kenys\u00e9get v\u00e9gz\u0151 munkav\u00e1llal\u00f3k, tov\u00e1bb\u00e1 az \u201eA\u201d, a \u201eB\u201d \u00e9s a \u201eC\u201d foglalkoz\u00e1s-eg\u00e9szs\u00e9gi oszt\u00e1lyba<br \/>sorolt tev\u00e9kenys\u00e9gek nem fizikai munkak\u00f6reiben dolgoz\u00f3, m\u00e1s oszt\u00e1lyokba nem sorolt munkav\u00e1llal\u00f3i.<\/p>\n<p>\u00a0<\/p>\n<p>[\/et_pb_text][\/et_pb_column][\/et_pb_row][\/et_pb_section]<\/p>\n","protected":false},"excerpt":{"rendered":"<p>[et_pb_section bb_built=&#8221;1&#8243; inner_max_width=&#8221;995px&#8221; inner_width_tablet=&#8221;50px&#8221; inner_max_width_tablet=&#8221;100px&#8221; inner_max_width_phone=&#8221;50px&#8221; _builder_version=&#8221;3.25.4&#8243; custom_margin=&#8221;-50px|||&#8221; box_shadow_horizontal_tablet=&#8221;0px&#8221; box_shadow_vertical_tablet=&#8221;0px&#8221; box_shadow_blur_tablet=&#8221;40px&#8221; box_shadow_spread_tablet=&#8221;0px&#8221; z_index_tablet=&#8221;500&#8243;][et_pb_row][et_pb_column type=&#8221;1_2&#8243; custom_padding__hover=&#8221;|||&#8221; custom_padding=&#8221;|||&#8221;][et_pb_text _builder_version=&#8221;4.2&#8243; text_text_shadow_horizontal_length=&#8221;text_text_shadow_style,%91object Object%93&#8243; text_text_shadow_horizontal_length_tablet=&#8221;0px&#8221; text_text_shadow_vertical_length=&#8221;text_text_shadow_style,%91object Object%93&#8243; text_text_shadow_vertical_length_tablet=&#8221;0px&#8221; text_text_shadow_blur_strength=&#8221;text_text_shadow_style,%91object Object%93&#8243; text_text_shadow_blur_strength_tablet=&#8221;1px&#8221; link_text_shadow_horizontal_length=&#8221;link_text_shadow_style,%91object Object%93&#8243; link_text_shadow_horizontal_length_tablet=&#8221;0px&#8221; link_text_shadow_vertical_length=&#8221;link_text_shadow_style,%91object Object%93&#8243; link_text_shadow_vertical_length_tablet=&#8221;0px&#8221; link_text_shadow_blur_strength=&#8221;link_text_shadow_style,%91object Object%93&#8243; link_text_shadow_blur_strength_tablet=&#8221;1px&#8221; ul_text_shadow_horizontal_length=&#8221;ul_text_shadow_style,%91object Object%93&#8243; ul_text_shadow_horizontal_length_tablet=&#8221;0px&#8221; ul_text_shadow_vertical_length=&#8221;ul_text_shadow_style,%91object Object%93&#8243; ul_text_shadow_vertical_length_tablet=&#8221;0px&#8221; ul_text_shadow_blur_strength=&#8221;ul_text_shadow_style,%91object Object%93&#8243; ul_text_shadow_blur_strength_tablet=&#8221;1px&#8221; ol_text_shadow_horizontal_length=&#8221;ol_text_shadow_style,%91object Object%93&#8243; ol_text_shadow_horizontal_length_tablet=&#8221;0px&#8221; ol_text_shadow_vertical_length=&#8221;ol_text_shadow_style,%91object Object%93&#8243; ol_text_shadow_vertical_length_tablet=&#8221;0px&#8221; ol_text_shadow_blur_strength=&#8221;ol_text_shadow_style,%91object Object%93&#8243; ol_text_shadow_blur_strength_tablet=&#8221;1px&#8221; quote_text_shadow_horizontal_length=&#8221;quote_text_shadow_style,%91object Object%93&#8243; [&hellip;]<\/p>\n","protected":false},"author":1,"featured_media":0,"parent":0,"menu_order":0,"comment_status":"closed","ping_status":"closed","template":"","meta":{"_et_pb_use_builder":"on","_et_pb_old_content":"","_et_gb_content_width":""},"_links":{"self":[{"href":"https:\/\/diadalrendelo.hu\/index.php?rest_route=\/wp\/v2\/pages\/359"}],"collection":[{"href":"https:\/\/diadalrendelo.hu\/index.php?rest_route=\/wp\/v2\/pages"}],"about":[{"href":"https:\/\/diadalrendelo.hu\/index.php?rest_route=\/wp\/v2\/types\/page"}],"author":[{"embeddable":true,"href":"https:\/\/diadalrendelo.hu\/index.php?rest_route=\/wp\/v2\/users\/1"}],"replies":[{"embeddable":true,"href":"https:\/\/diadalrendelo.hu\/index.php?rest_route=%2Fwp%2Fv2%2Fcomments&post=359"}],"version-history":[{"count":1,"href":"https:\/\/diadalrendelo.hu\/index.php?rest_route=\/wp\/v2\/pages\/359\/revisions"}],"predecessor-version":[{"id":360,"href":"https:\/\/diadalrendelo.hu\/index.php?rest_route=\/wp\/v2\/pages\/359\/revisions\/360"}],"wp:attachment":[{"href":"https:\/\/diadalrendelo.hu\/index.php?rest_route=%2Fwp%2Fv2%2Fmedia&parent=359"}],"curies":[{"name":"wp","href":"https:\/\/api.w.org\/{rel}","templated":true}]}}