{"id":352,"date":"2020-01-17T14:42:23","date_gmt":"2020-01-17T13:42:23","guid":{"rendered":"http:\/\/diadalrendelo.hu\/?page_id=352"},"modified":"2020-01-17T15:39:00","modified_gmt":"2020-01-17T14:39:00","slug":"arak","status":"publish","type":"page","link":"https:\/\/diadalrendelo.hu\/?page_id=352","title":{"rendered":"\u00c1rak"},"content":{"rendered":"<p>[et_pb_section bb_built=&#8221;1&#8243; inner_max_width=&#8221;995px&#8221; inner_width_tablet=&#8221;50px&#8221; inner_max_width_tablet=&#8221;100px&#8221; inner_max_width_phone=&#8221;50px&#8221; _builder_version=&#8221;3.25.4&#8243; custom_margin=&#8221;-50px|||&#8221; box_shadow_horizontal_tablet=&#8221;0px&#8221; box_shadow_vertical_tablet=&#8221;0px&#8221; box_shadow_blur_tablet=&#8221;40px&#8221; box_shadow_spread_tablet=&#8221;0px&#8221; z_index_tablet=&#8221;500&#8243;][et_pb_row][et_pb_column type=&#8221;4_4&#8243;][et_pb_text _builder_version=&#8221;4.2&#8243; text_text_shadow_horizontal_length=&#8221;text_text_shadow_style,%91object Object%93&#8243; text_text_shadow_horizontal_length_tablet=&#8221;0px&#8221; text_text_shadow_vertical_length=&#8221;text_text_shadow_style,%91object Object%93&#8243; text_text_shadow_vertical_length_tablet=&#8221;0px&#8221; text_text_shadow_blur_strength=&#8221;text_text_shadow_style,%91object Object%93&#8243; text_text_shadow_blur_strength_tablet=&#8221;1px&#8221; link_text_shadow_horizontal_length=&#8221;link_text_shadow_style,%91object Object%93&#8243; link_text_shadow_horizontal_length_tablet=&#8221;0px&#8221; link_text_shadow_vertical_length=&#8221;link_text_shadow_style,%91object Object%93&#8243; link_text_shadow_vertical_length_tablet=&#8221;0px&#8221; link_text_shadow_blur_strength=&#8221;link_text_shadow_style,%91object Object%93&#8243; link_text_shadow_blur_strength_tablet=&#8221;1px&#8221; ul_text_shadow_horizontal_length=&#8221;ul_text_shadow_style,%91object Object%93&#8243; ul_text_shadow_horizontal_length_tablet=&#8221;0px&#8221; ul_text_shadow_vertical_length=&#8221;ul_text_shadow_style,%91object Object%93&#8243; ul_text_shadow_vertical_length_tablet=&#8221;0px&#8221; ul_text_shadow_blur_strength=&#8221;ul_text_shadow_style,%91object Object%93&#8243; ul_text_shadow_blur_strength_tablet=&#8221;1px&#8221; ol_text_shadow_horizontal_length=&#8221;ol_text_shadow_style,%91object Object%93&#8243; ol_text_shadow_horizontal_length_tablet=&#8221;0px&#8221; ol_text_shadow_vertical_length=&#8221;ol_text_shadow_style,%91object Object%93&#8243; ol_text_shadow_vertical_length_tablet=&#8221;0px&#8221; ol_text_shadow_blur_strength=&#8221;ol_text_shadow_style,%91object Object%93&#8243; ol_text_shadow_blur_strength_tablet=&#8221;1px&#8221; quote_text_shadow_horizontal_length=&#8221;quote_text_shadow_style,%91object Object%93&#8243; quote_text_shadow_horizontal_length_tablet=&#8221;0px&#8221; quote_text_shadow_vertical_length=&#8221;quote_text_shadow_style,%91object Object%93&#8243; quote_text_shadow_vertical_length_tablet=&#8221;0px&#8221; quote_text_shadow_blur_strength=&#8221;quote_text_shadow_style,%91object Object%93&#8243; quote_text_shadow_blur_strength_tablet=&#8221;1px&#8221; header_text_shadow_horizontal_length=&#8221;header_text_shadow_style,%91object Object%93&#8243; header_text_shadow_horizontal_length_tablet=&#8221;0px&#8221; header_text_shadow_vertical_length=&#8221;header_text_shadow_style,%91object Object%93&#8243; header_text_shadow_vertical_length_tablet=&#8221;0px&#8221; header_text_shadow_blur_strength=&#8221;header_text_shadow_style,%91object Object%93&#8243; header_text_shadow_blur_strength_tablet=&#8221;1px&#8221; header_2_text_shadow_horizontal_length=&#8221;header_2_text_shadow_style,%91object Object%93&#8243; header_2_text_shadow_horizontal_length_tablet=&#8221;0px&#8221; header_2_text_shadow_vertical_length=&#8221;header_2_text_shadow_style,%91object Object%93&#8243; header_2_text_shadow_vertical_length_tablet=&#8221;0px&#8221; header_2_text_shadow_blur_strength=&#8221;header_2_text_shadow_style,%91object Object%93&#8243; header_2_text_shadow_blur_strength_tablet=&#8221;1px&#8221; header_3_text_shadow_horizontal_length=&#8221;header_3_text_shadow_style,%91object Object%93&#8243; header_3_text_shadow_horizontal_length_tablet=&#8221;0px&#8221; header_3_text_shadow_vertical_length=&#8221;header_3_text_shadow_style,%91object Object%93&#8243; header_3_text_shadow_vertical_length_tablet=&#8221;0px&#8221; header_3_text_shadow_blur_strength=&#8221;header_3_text_shadow_style,%91object Object%93&#8243; header_3_text_shadow_blur_strength_tablet=&#8221;1px&#8221; header_4_text_shadow_horizontal_length=&#8221;header_4_text_shadow_style,%91object Object%93&#8243; header_4_text_shadow_horizontal_length_tablet=&#8221;0px&#8221; header_4_text_shadow_vertical_length=&#8221;header_4_text_shadow_style,%91object Object%93&#8243; header_4_text_shadow_vertical_length_tablet=&#8221;0px&#8221; header_4_text_shadow_blur_strength=&#8221;header_4_text_shadow_style,%91object Object%93&#8243; header_4_text_shadow_blur_strength_tablet=&#8221;1px&#8221; header_5_text_shadow_horizontal_length=&#8221;header_5_text_shadow_style,%91object Object%93&#8243; header_5_text_shadow_horizontal_length_tablet=&#8221;0px&#8221; header_5_text_shadow_vertical_length=&#8221;header_5_text_shadow_style,%91object Object%93&#8243; header_5_text_shadow_vertical_length_tablet=&#8221;0px&#8221; header_5_text_shadow_blur_strength=&#8221;header_5_text_shadow_style,%91object Object%93&#8243; header_5_text_shadow_blur_strength_tablet=&#8221;1px&#8221; header_6_text_shadow_horizontal_length=&#8221;header_6_text_shadow_style,%91object Object%93&#8243; header_6_text_shadow_horizontal_length_tablet=&#8221;0px&#8221; header_6_text_shadow_vertical_length=&#8221;header_6_text_shadow_style,%91object Object%93&#8243; header_6_text_shadow_vertical_length_tablet=&#8221;0px&#8221; header_6_text_shadow_blur_strength=&#8221;header_6_text_shadow_style,%91object Object%93&#8243; header_6_text_shadow_blur_strength_tablet=&#8221;1px&#8221; box_shadow_horizontal_tablet=&#8221;0px&#8221; box_shadow_vertical_tablet=&#8221;0px&#8221; box_shadow_blur_tablet=&#8221;40px&#8221; box_shadow_spread_tablet=&#8221;0px&#8221; z_index_tablet=&#8221;500&#8243; vertical_offset_tablet=&#8221;0&#8243; horizontal_offset_tablet=&#8221;0&#8243; saved_tabs=&#8221;all&#8221;]<\/p>\n<h1><span style=\"color: #000000;\"><strong><a href=\"https:\/\/diadalrendelo.hu\/wp-content\/uploads\/2020\/01\/Diadal_arckep.jpg\"><img decoding=\"async\" loading=\"lazy\" class=\"wp-image-323 alignleft\" src=\"https:\/\/diadalrendelo.hu\/wp-content\/uploads\/2020\/01\/Diadal_arckep.jpg\" alt=\"\" width=\"111\" height=\"114\" \/><\/a>Dr. B\u00e1nhidi Eszter<\/strong><\/span><\/h1>\n<h4><span style=\"color: #333333;\"><strong style=\"font-size: 18px;\">Foglalkoz\u00e1s-eg\u00e9szs\u00e9g\u00fcgyi szakorvos\u00a0<br \/><\/strong><strong>H\u00e1ziorvos<br \/>Oktat\u00f3 csal\u00e1dorvos<\/strong><\/span><\/h4>\n<\/p>\n<p>[\/et_pb_text][\/et_pb_column][\/et_pb_row][et_pb_row][et_pb_column type=&#8221;4_4&#8243; custom_padding__hover=&#8221;|||&#8221; custom_padding=&#8221;|||&#8221;][et_pb_text _builder_version=&#8221;4.2&#8243; text_text_shadow_horizontal_length=&#8221;text_text_shadow_style,%91object Object%93&#8243; text_text_shadow_horizontal_length_tablet=&#8221;0px&#8221; text_text_shadow_vertical_length=&#8221;text_text_shadow_style,%91object Object%93&#8243; text_text_shadow_vertical_length_tablet=&#8221;0px&#8221; text_text_shadow_blur_strength=&#8221;text_text_shadow_style,%91object Object%93&#8243; text_text_shadow_blur_strength_tablet=&#8221;1px&#8221; link_text_shadow_horizontal_length=&#8221;link_text_shadow_style,%91object Object%93&#8243; link_text_shadow_horizontal_length_tablet=&#8221;0px&#8221; link_text_shadow_vertical_length=&#8221;link_text_shadow_style,%91object Object%93&#8243; link_text_shadow_vertical_length_tablet=&#8221;0px&#8221; link_text_shadow_blur_strength=&#8221;link_text_shadow_style,%91object Object%93&#8243; link_text_shadow_blur_strength_tablet=&#8221;1px&#8221; ul_text_shadow_horizontal_length=&#8221;ul_text_shadow_style,%91object Object%93&#8243; ul_text_shadow_horizontal_length_tablet=&#8221;0px&#8221; ul_text_shadow_vertical_length=&#8221;ul_text_shadow_style,%91object Object%93&#8243; ul_text_shadow_vertical_length_tablet=&#8221;0px&#8221; ul_text_shadow_blur_strength=&#8221;ul_text_shadow_style,%91object Object%93&#8243; ul_text_shadow_blur_strength_tablet=&#8221;1px&#8221; ol_text_shadow_horizontal_length=&#8221;ol_text_shadow_style,%91object Object%93&#8243; ol_text_shadow_horizontal_length_tablet=&#8221;0px&#8221; ol_text_shadow_vertical_length=&#8221;ol_text_shadow_style,%91object Object%93&#8243; ol_text_shadow_vertical_length_tablet=&#8221;0px&#8221; ol_text_shadow_blur_strength=&#8221;ol_text_shadow_style,%91object Object%93&#8243; ol_text_shadow_blur_strength_tablet=&#8221;1px&#8221; quote_text_shadow_horizontal_length=&#8221;quote_text_shadow_style,%91object Object%93&#8243; quote_text_shadow_horizontal_length_tablet=&#8221;0px&#8221; quote_text_shadow_vertical_length=&#8221;quote_text_shadow_style,%91object Object%93&#8243; quote_text_shadow_vertical_length_tablet=&#8221;0px&#8221; quote_text_shadow_blur_strength=&#8221;quote_text_shadow_style,%91object Object%93&#8243; quote_text_shadow_blur_strength_tablet=&#8221;1px&#8221; header_text_shadow_horizontal_length=&#8221;header_text_shadow_style,%91object Object%93&#8243; header_text_shadow_horizontal_length_tablet=&#8221;0px&#8221; header_text_shadow_vertical_length=&#8221;header_text_shadow_style,%91object Object%93&#8243; header_text_shadow_vertical_length_tablet=&#8221;0px&#8221; header_text_shadow_blur_strength=&#8221;header_text_shadow_style,%91object Object%93&#8243; header_text_shadow_blur_strength_tablet=&#8221;1px&#8221; header_2_text_shadow_horizontal_length=&#8221;header_2_text_shadow_style,%91object Object%93&#8243; header_2_text_shadow_horizontal_length_tablet=&#8221;0px&#8221; header_2_text_shadow_vertical_length=&#8221;header_2_text_shadow_style,%91object Object%93&#8243; header_2_text_shadow_vertical_length_tablet=&#8221;0px&#8221; header_2_text_shadow_blur_strength=&#8221;header_2_text_shadow_style,%91object Object%93&#8243; header_2_text_shadow_blur_strength_tablet=&#8221;1px&#8221; header_3_text_shadow_horizontal_length=&#8221;header_3_text_shadow_style,%91object Object%93&#8243; header_3_text_shadow_horizontal_length_tablet=&#8221;0px&#8221; header_3_text_shadow_vertical_length=&#8221;header_3_text_shadow_style,%91object Object%93&#8243; header_3_text_shadow_vertical_length_tablet=&#8221;0px&#8221; header_3_text_shadow_blur_strength=&#8221;header_3_text_shadow_style,%91object Object%93&#8243; header_3_text_shadow_blur_strength_tablet=&#8221;1px&#8221; header_4_text_shadow_horizontal_length=&#8221;header_4_text_shadow_style,%91object Object%93&#8243; header_4_text_shadow_horizontal_length_tablet=&#8221;0px&#8221; header_4_text_shadow_vertical_length=&#8221;header_4_text_shadow_style,%91object Object%93&#8243; header_4_text_shadow_vertical_length_tablet=&#8221;0px&#8221; header_4_text_shadow_blur_strength=&#8221;header_4_text_shadow_style,%91object Object%93&#8243; header_4_text_shadow_blur_strength_tablet=&#8221;1px&#8221; header_5_text_shadow_horizontal_length=&#8221;header_5_text_shadow_style,%91object Object%93&#8243; header_5_text_shadow_horizontal_length_tablet=&#8221;0px&#8221; header_5_text_shadow_vertical_length=&#8221;header_5_text_shadow_style,%91object Object%93&#8243; header_5_text_shadow_vertical_length_tablet=&#8221;0px&#8221; header_5_text_shadow_blur_strength=&#8221;header_5_text_shadow_style,%91object Object%93&#8243; header_5_text_shadow_blur_strength_tablet=&#8221;1px&#8221; header_6_text_shadow_horizontal_length=&#8221;header_6_text_shadow_style,%91object Object%93&#8243; header_6_text_shadow_horizontal_length_tablet=&#8221;0px&#8221; header_6_text_shadow_vertical_length=&#8221;header_6_text_shadow_style,%91object Object%93&#8243; header_6_text_shadow_vertical_length_tablet=&#8221;0px&#8221; header_6_text_shadow_blur_strength=&#8221;header_6_text_shadow_style,%91object Object%93&#8243; header_6_text_shadow_blur_strength_tablet=&#8221;1px&#8221; box_shadow_horizontal_tablet=&#8221;0px&#8221; box_shadow_vertical_tablet=&#8221;0px&#8221; box_shadow_blur_tablet=&#8221;40px&#8221; box_shadow_spread_tablet=&#8221;0px&#8221; z_index_tablet=&#8221;500&#8243; vertical_offset_tablet=&#8221;0&#8243; horizontal_offset_tablet=&#8221;0&#8243;]<\/p>\n<h4><span style=\"color: #000000;\">Foglalkoz\u00e1s-eg\u00e9szs\u00e9g\u00fcgyi (\u00fczemorvosi) ell\u00e1t\u00e1s:<\/span><br \/>\u00a0<\/h4>\n<table width=\"417\">\n<tbody>\n<tr>\n<td width=\"263\">\n<p>Besorol\u00e1s<\/p>\n<\/td>\n<td width=\"145\">\n<p>\u00c1raink<\/p>\n<\/td>\n<\/tr>\n<tr>\n<td width=\"263\">\n<p>&#8222;A&#8221; Foglalkoz\u00e1s-eg\u00e9szs\u00e9gi oszt\u00e1ly<\/p>\n<\/td>\n<td width=\"145\">\n<p><strong>11.000 Ft\/f\u0151\/\u00e9v<\/strong><\/p>\n<\/td>\n<\/tr>\n<tr>\n<td width=\"263\">\n<p>&#8222;B&#8221; Foglalkoz\u00e1s-eg\u00e9szs\u00e9gi oszt\u00e1ly<\/p>\n<\/td>\n<td width=\"145\">\n<p><strong>9.500 Ft\/f\u0151\/\u00e9v<\/strong><\/p>\n<\/td>\n<\/tr>\n<tr>\n<td width=\"263\">\n<p>&#8222;C&#8221; Foglalkoz\u00e1s-eg\u00e9szs\u00e9gi oszt\u00e1ly<\/p>\n<\/td>\n<td width=\"145\">\n<p><strong>8.500 Ft\/f\u0151\/\u00e9v<\/strong><\/p>\n<\/td>\n<\/tr>\n<tr>\n<td width=\"263\">\n<p>&#8222;D&#8221; Foglalkoz\u00e1s-eg\u00e9szs\u00e9gi oszt\u00e1ly<\/p>\n<\/td>\n<td width=\"145\">\n<p><strong>7.500 Ft\/f\u0151\/\u00e9v<\/strong><\/p>\n<\/td>\n<\/tr>\n<\/tbody>\n<\/table>\n<p><strong>NAGYOBB C\u00c9GEK ESET\u00c9N EGYEDI MEG\u00c1LLAPOD\u00c1S IS LEHETS\u00c9GES<\/strong><\/p>\n<p><a href=\"https:\/\/diadalrendelo.hu\/?page_id=359\">A besorol\u00e1sr\u00f3l b\u0151vebben<\/a><\/p>\n<h4><span style=\"color: #000000;\">Eg\u00e9szs\u00e9g\u00fcgyi kisk\u00f6nyv:<\/span><\/h4>\n<table width=\"459\">\n<tbody>\n<tr>\n<td>\n<p>\u00a0\u00a0\u00a0 Foglalkoz\u00e1s-eg\u00e9szs\u00e9g\u00fcgyi ell\u00e1t\u00e1s keret\u00e9ben<\/p>\n<\/td>\n<td>\n<p>\u00a0\u00a0\u00a0 \u00a0\u00a0\u00a0\u00a0A fenti d\u00edjak ki\u00e1ll\u00edt\u00e1s\u00e1t magukba foglalj\u00e1k<\/p>\n<\/td>\n<\/tr>\n<tr>\n<td>\n<p>\u00a0\u00a0\u00a0 Egy\u00e9b esetekben<\/p>\n<\/td>\n<td>\n<p>\u00a0\u00a0\u00a0\u00a0\u00a0\u00a0\u00a0\u00a0\u00a0\u00a0\u00a0\u00a0\u00a0\u00a0\u00a0\u00a0\u00a0\u00a0\u00a0\u00a0\u00a0\u00a0\u00a0\u00a0\u00a0\u00a0\u00a0\u00a0\u00a0\u00a0\u00a0\u00a0\u00a0 3.500 Ft<\/p>\n<\/td>\n<\/tr>\n<\/tbody>\n<\/table>\n<h4><span style=\"color: #000000;\">Targoncavezet\u0151i alkalmass\u00e1gi vizsg\u00e1lat:<\/span><\/h4>\n<table width=\"453\">\n<tbody>\n<tr>\n<td width=\"338\">\n<p>\u00a0\u00a0 Foglalkoz\u00e1s-eg\u00e9szs\u00e9g\u00fcgyi ell\u00e1t\u00e1s keret\u00e9ben<\/p>\n<p>\u00a0\u00a0\u00a0 \u00a0 \u00a0 \u00a0\u00a0 40. \u00e9let\u00e9vig (max 3 \u00e9vre)<br \/>\u00a0\u00a0\u00a0\u00a0\u00a0\u00a0\u00a0\u00a0\u00a0\u00a0 40-50. \u00e9let\u00e9vig (max 2 \u00e9vre)<\/p>\n<p>\u00a0\u00a0\u00a0\u00a0\u00a0\u00a0\u00a0\u00a0\u00a0\u00a0 50 \u00e9ves kor felett (max 1 \u00e9vre)<\/p>\n<\/td>\n<td width=\"106\">\n<p>\u00e9letkort\u00f3l f\u00fcggetlen\u00fcl:<\/p>\n<p>3.000 Ft\u00a0\u00a0\u00a0\u00a0\u00a0\u00a0\u00a0\u00a0\u00a0\u00a0\u00a0<\/p>\n<\/td>\n<\/tr>\n<tr>\n<td width=\"338\">\n<p>\u00a0\u00a0\u00a0 Egy\u00e9b esetekben<\/p>\n<p>\u00a0\u00a0\u00a0\u00a0\u00a0\u00a0\u00a0\u00a0\u00a0\u00a0 40. \u00e9let\u00e9vig (max 3 \u00e9vre)<br \/>\u00a0\u00a0\u00a0\u00a0\u00a0\u00a0\u00a0\u00a0\u00a0\u00a0 40-50. \u00e9let\u00e9vig (max 2 \u00e9vre)<\/p>\n<p>\u00a0\u00a0\u00a0\u00a0\u00a0\u00a0\u00a0\u00a0\u00a0\u00a0 50 \u00e9ves kor felett (max 1 \u00e9vre)<\/p>\n<\/td>\n<td width=\"106\">\n<p>\u00e9letkort\u00f3l f\u00fcggetlen\u00fcl:<\/p>\n<p>&nbsp;<\/p>\n<p>5.000 Ft<\/p>\n<\/td>\n<\/tr>\n<\/tbody>\n<\/table>\n<h4><span style=\"color: #000000;\">Neh\u00e9zg\u00e9pkezel\u0151i orvosi vizsg\u00e1lat:<\/span><\/h4>\n<table width=\"500\">\n<tbody>\n<tr>\n<td>\n<p>40. \u00e9let\u00e9vig (max. 3 \u00e9vre)<\/p>\n<\/td>\n<td>\n<p>7.000 Ft<\/p>\n<\/td>\n<\/tr>\n<tr>\n<td>\n<p>40-50. \u00e9let\u00e9vig (max. 2 \u00e9vre)<\/p>\n<\/td>\n<td>\n<p>6.000 Ft<\/p>\n<\/td>\n<\/tr>\n<tr>\n<td>\n<p>50 \u00e9ves kor felett (max. 1 \u00e9vre)<\/p>\n<\/td>\n<td>\n<p>5.000 Ft<\/p>\n<\/td>\n<\/tr>\n<\/tbody>\n<\/table>\n<h4><span style=\"color: #000000;\">Hivat\u00e1sos g\u00e9pj\u00e1rm\u0171-vezet\u0151i enged\u00e9ly meghosszabb\u00edt\u00e1s:<\/span><\/h4>\n<table width=\"417\">\n<tbody>\n<tr>\n<td>\n<p>50. \u00e9let\u00e9vig (max. 5 \u00e9vre)<\/p>\n<\/td>\n<td>\n<p>7.200 Ft<\/p>\n<\/td>\n<\/tr>\n<tr>\n<td>\n<p>50-60. \u00e9let\u00e9vig (max. 5 \u00e9vre)<\/p>\n<\/td>\n<td>\n<p>4.800 Ft<\/p>\n<\/td>\n<\/tr>\n<tr>\n<td>\n<p>60-70. \u00e9let\u00e9vig (max. 2 \u00e9vre)<\/p>\n<\/td>\n<td>\n<p>2.500 Ft<\/p>\n<\/td>\n<\/tr>\n<tr>\n<td>\n<p>70 \u00e9ves kor felett (max 2 \u00e9vre)<\/p>\n<\/td>\n<td>\n<p>1.700 Ft<\/p>\n<\/td>\n<\/tr>\n<\/tbody>\n<\/table>\n<h4><span style=\"color: #000000;\">\u00darvezet\u0151i enged\u00e9ly meghosszabb\u00edt\u00e1s:<\/span><\/h4>\n<table width=\"417\">\n<tbody>\n<tr>\n<td>\n<p>50. \u00e9let\u00e9vig (max. 10 \u00e9vre)<\/p>\n<\/td>\n<td>\n<p>7.200 Ft<\/p>\n<\/td>\n<\/tr>\n<tr>\n<td>\n<p>50-60. \u00e9let\u00e9vig (max. 5 \u00e9vre)<\/p>\n<\/td>\n<td>\n<p>4.800 Ft<\/p>\n<\/td>\n<\/tr>\n<tr>\n<td>\n<p>60-70. \u00e9let\u00e9vig (max. 3 \u00e9vre)<\/p>\n<\/td>\n<td>\n<p>2.500 Ft<\/p>\n<\/td>\n<\/tr>\n<tr>\n<td>\n<p>70 \u00e9ves kor felett (max. 2 \u00e9vre)<\/p>\n<\/td>\n<td>\n<p>1.700 Ft<\/p>\n<\/td>\n<\/tr>\n<\/tbody>\n<\/table>\n<h4><span style=\"color: #000000;\">V\u00edzij\u00e1rm\u0171-vezet\u0151i alkalmass\u00e1gi vizsg\u00e1lat (belv\u00edzi \u00e9s\u00a0 III. \u00e9s IV. oszt\u00e1ly\u00fa tengeri kedvtel\u00e9si c\u00e9l\u00fa):<\/span><\/h4>\n<table width=\"417\">\n<tbody>\n<tr>\n<td width=\"322\">\n<p>40. \u00e9let\u00e9vig (max. 10 \u00e9vre)<\/p>\n<\/td>\n<td width=\"87\">\n<p>7.200 Ft<\/p>\n<\/td>\n<\/tr>\n<tr>\n<td width=\"322\">\n<p>40-60. \u00e9let\u00e9vig (max. 5 \u00e9vre)<\/p>\n<\/td>\n<td width=\"87\">\n<p>4.800 Ft<\/p>\n<\/td>\n<\/tr>\n<tr>\n<td width=\"322\">\n<p>60-70. \u00e9let\u00e9vig (max 3 \u00e9vre)<\/p>\n<\/td>\n<td width=\"87\">\n<p>2.500 Ft<\/p>\n<\/td>\n<\/tr>\n<tr>\n<td width=\"322\">\n<p>70 \u00e9ves kor felett (max. 2 \u00e9vre)<\/p>\n<\/td>\n<td width=\"87\">\n<p>2.000 Ft<\/p>\n<\/td>\n<\/tr>\n<\/tbody>\n<\/table>\n<h4><span style=\"color: #000000;\">L\u0151fegyvert tart\u00f3 szem\u00e9lyek vizsg\u00e1lata:<\/span><\/h4>\n<table width=\"417\">\n<tbody>\n<tr>\n<td>\n<p>Munkak\u00f6r\u00fckb\u0151l eredend\u0151en tart\u00f3k (I. csoport)<\/p>\n<\/td>\n<td>\n<p>6.800 Ft<\/p>\n<\/td>\n<\/tr>\n<tr>\n<td>\n<p>Sport \u00e9s \u00f6nv\u00e9delmi c\u00e9lb\u00f3l (II. csoport)<\/p>\n<\/td>\n<td>\n<p>6.800 Ft\u00a0\u00a0\u00a0<\/p>\n<\/td>\n<\/tr>\n<\/tbody>\n<\/table>\n<p>[\/et_pb_text][\/et_pb_column][\/et_pb_row][\/et_pb_section]<\/p>\n","protected":false},"excerpt":{"rendered":"<p>[et_pb_section bb_built=&#8221;1&#8243; inner_max_width=&#8221;995px&#8221; inner_width_tablet=&#8221;50px&#8221; inner_max_width_tablet=&#8221;100px&#8221; inner_max_width_phone=&#8221;50px&#8221; _builder_version=&#8221;3.25.4&#8243; custom_margin=&#8221;-50px|||&#8221; box_shadow_horizontal_tablet=&#8221;0px&#8221; box_shadow_vertical_tablet=&#8221;0px&#8221; box_shadow_blur_tablet=&#8221;40px&#8221; box_shadow_spread_tablet=&#8221;0px&#8221; z_index_tablet=&#8221;500&#8243;][et_pb_row][et_pb_column type=&#8221;4_4&#8243;][et_pb_text _builder_version=&#8221;4.2&#8243; text_text_shadow_horizontal_length=&#8221;text_text_shadow_style,%91object Object%93&#8243; text_text_shadow_horizontal_length_tablet=&#8221;0px&#8221; text_text_shadow_vertical_length=&#8221;text_text_shadow_style,%91object Object%93&#8243; text_text_shadow_vertical_length_tablet=&#8221;0px&#8221; text_text_shadow_blur_strength=&#8221;text_text_shadow_style,%91object Object%93&#8243; text_text_shadow_blur_strength_tablet=&#8221;1px&#8221; link_text_shadow_horizontal_length=&#8221;link_text_shadow_style,%91object Object%93&#8243; link_text_shadow_horizontal_length_tablet=&#8221;0px&#8221; link_text_shadow_vertical_length=&#8221;link_text_shadow_style,%91object Object%93&#8243; link_text_shadow_vertical_length_tablet=&#8221;0px&#8221; link_text_shadow_blur_strength=&#8221;link_text_shadow_style,%91object Object%93&#8243; link_text_shadow_blur_strength_tablet=&#8221;1px&#8221; ul_text_shadow_horizontal_length=&#8221;ul_text_shadow_style,%91object Object%93&#8243; ul_text_shadow_horizontal_length_tablet=&#8221;0px&#8221; ul_text_shadow_vertical_length=&#8221;ul_text_shadow_style,%91object Object%93&#8243; ul_text_shadow_vertical_length_tablet=&#8221;0px&#8221; ul_text_shadow_blur_strength=&#8221;ul_text_shadow_style,%91object Object%93&#8243; ul_text_shadow_blur_strength_tablet=&#8221;1px&#8221; ol_text_shadow_horizontal_length=&#8221;ol_text_shadow_style,%91object Object%93&#8243; ol_text_shadow_horizontal_length_tablet=&#8221;0px&#8221; ol_text_shadow_vertical_length=&#8221;ol_text_shadow_style,%91object Object%93&#8243; ol_text_shadow_vertical_length_tablet=&#8221;0px&#8221; ol_text_shadow_blur_strength=&#8221;ol_text_shadow_style,%91object Object%93&#8243; ol_text_shadow_blur_strength_tablet=&#8221;1px&#8221; quote_text_shadow_horizontal_length=&#8221;quote_text_shadow_style,%91object Object%93&#8243; quote_text_shadow_horizontal_length_tablet=&#8221;0px&#8221; quote_text_shadow_vertical_length=&#8221;quote_text_shadow_style,%91object [&hellip;]<\/p>\n","protected":false},"author":1,"featured_media":0,"parent":0,"menu_order":0,"comment_status":"closed","ping_status":"closed","template":"","meta":{"_et_pb_use_builder":"on","_et_pb_old_content":"","_et_gb_content_width":""},"_links":{"self":[{"href":"https:\/\/diadalrendelo.hu\/index.php?rest_route=\/wp\/v2\/pages\/352"}],"collection":[{"href":"https:\/\/diadalrendelo.hu\/index.php?rest_route=\/wp\/v2\/pages"}],"about":[{"href":"https:\/\/diadalrendelo.hu\/index.php?rest_route=\/wp\/v2\/types\/page"}],"author":[{"embeddable":true,"href":"https:\/\/diadalrendelo.hu\/index.php?rest_route=\/wp\/v2\/users\/1"}],"replies":[{"embeddable":true,"href":"https:\/\/diadalrendelo.hu\/index.php?rest_route=%2Fwp%2Fv2%2Fcomments&post=352"}],"version-history":[{"count":6,"href":"https:\/\/diadalrendelo.hu\/index.php?rest_route=\/wp\/v2\/pages\/352\/revisions"}],"predecessor-version":[{"id":373,"href":"https:\/\/diadalrendelo.hu\/index.php?rest_route=\/wp\/v2\/pages\/352\/revisions\/373"}],"wp:attachment":[{"href":"https:\/\/diadalrendelo.hu\/index.php?rest_route=%2Fwp%2Fv2%2Fmedia&parent=352"}],"curies":[{"name":"wp","href":"https:\/\/api.w.org\/{rel}","templated":true}]}}